{"id":57,"date":"2023-11-07T12:16:00","date_gmt":"2023-11-07T12:16:00","guid":{"rendered":"https:\/\/oprogramowanie.us.edu.pl\/?page_id=57"},"modified":"2023-11-08T07:45:22","modified_gmt":"2023-11-08T07:45:22","slug":"symantec-endpoint-protection-sep","status":"publish","type":"page","link":"https:\/\/oprogramowanie.us.edu.pl\/index.php\/symantec-endpoint-protection-sep\/","title":{"rendered":"Symantec Endpoint Protection &#8211; SEP"},"content":{"rendered":"\n<p>Opis historii wersji &#8211;\u00a0<a href=\"https:\/\/knowledge.broadcom.com\/external\/article?legacyId=TECH154475\"><strong>Release_Notes_SEP<\/strong><\/a>\u00a0\/ Opis zmian w wersji &#8211; <a href=\"https:\/\/knowledge.broadcom.com\/external\/article\/185214\/whats-new-for-all-releases-of-symantec-e.html\"><strong>SEP_Changes<\/strong><\/a>\u00a0(w j\u0119zyku angielskim)<br><br>Oprogramowanie bez serwera \/ konsoli zarz\u0105dzania.<br><br>Oprogramowanie Symantec Endpoint Protection mo\u017cna pobra\u0107 z wewn\u0119trznego serwera Uniwersytetu \u015al\u0105skiego w Katowicach. Osoby zainteresowanie pobraniem plik\u00f3w instalacyjnych s\u0105 proszone o kontakt: jacek.pietrakowski (at) us.edu.pl<\/p>\n","protected":false},"excerpt":{"rendered":"<p>Opis historii wersji &#8211;\u00a0Release_Notes_SEP\u00a0\/ Opis zmian w wersji &#8211; SEP_Changes\u00a0(w j\u0119zyku angielskim) Oprogramowanie bez serwera \/ konsoli zarz\u0105dzania. Oprogramowanie Symantec Endpoint Protection mo\u017cna pobra\u0107 z wewn\u0119trznego serwera Uniwersytetu \u015al\u0105skiego w Katowicach. Osoby zainteresowanie pobraniem plik\u00f3w instalacyjnych s\u0105 proszone o kontakt: jacek.pietrakowski (at) us.edu.pl<\/p>\n","protected":false},"author":1,"featured_media":0,"parent":0,"menu_order":0,"comment_status":"closed","ping_status":"closed","template":"","meta":{"footnotes":""},"class_list":["post-57","page","type-page","status-publish","hentry","nodate","item-wrap"],"_links":{"self":[{"href":"https:\/\/oprogramowanie.us.edu.pl\/index.php\/wp-json\/wp\/v2\/pages\/57","targetHints":{"allow":["GET"]}}],"collection":[{"href":"https:\/\/oprogramowanie.us.edu.pl\/index.php\/wp-json\/wp\/v2\/pages"}],"about":[{"href":"https:\/\/oprogramowanie.us.edu.pl\/index.php\/wp-json\/wp\/v2\/types\/page"}],"author":[{"embeddable":true,"href":"https:\/\/oprogramowanie.us.edu.pl\/index.php\/wp-json\/wp\/v2\/users\/1"}],"replies":[{"embeddable":true,"href":"https:\/\/oprogramowanie.us.edu.pl\/index.php\/wp-json\/wp\/v2\/comments?post=57"}],"version-history":[{"count":2,"href":"https:\/\/oprogramowanie.us.edu.pl\/index.php\/wp-json\/wp\/v2\/pages\/57\/revisions"}],"predecessor-version":[{"id":86,"href":"https:\/\/oprogramowanie.us.edu.pl\/index.php\/wp-json\/wp\/v2\/pages\/57\/revisions\/86"}],"wp:attachment":[{"href":"https:\/\/oprogramowanie.us.edu.pl\/index.php\/wp-json\/wp\/v2\/media?parent=57"}],"curies":[{"name":"wp","href":"https:\/\/api.w.org\/{rel}","templated":true}]}}